{"id":7286,"date":"2026-03-06T17:10:32","date_gmt":"2026-03-06T16:10:32","guid":{"rendered":"https:\/\/monlau.srmunera.net\/formacion-profesional\/convalidacions-de-materies\/"},"modified":"2026-03-16T11:52:35","modified_gmt":"2026-03-16T10:52:35","slug":"convalidacions-de-materies","status":"publish","type":"page","link":"https:\/\/monlau.srmunera.net\/fp\/ca\/convalidacions-de-materies\/","title":{"rendered":"Convalidacions de mat\u00e8ries"},"content":{"rendered":"\t\t<div data-elementor-type=\"wp-page\" data-elementor-id=\"7286\" class=\"elementor elementor-7286 elementor-4235\" data-elementor-post-type=\"page\">\n\t\t\t\t<div class=\"elementor-element elementor-element-3723674 e-flex e-con-boxed e-con e-parent\" data-id=\"3723674\" data-element_type=\"container\" data-settings=\"{&quot;background_background&quot;:&quot;classic&quot;}\">\n\t\t\t\t\t<div class=\"e-con-inner\">\n\t\t\t\t<div class=\"elementor-element elementor-element-a4e9f11 elementor-widget__width-initial elementor-widget elementor-widget-text-editor\" data-id=\"a4e9f11\" data-element_type=\"widget\" data-widget_type=\"text-editor.default\">\n\t\t\t\t\t\t\t\t\t<h1><strong>Sol\u00b7licitud<\/strong> del carnet d&#8217;estudiant<\/h1>\t\t\t\t\t\t\t\t<\/div>\n\t\t\t\t\t<\/div>\n\t\t\t\t<\/div>\n\t\t<div class=\"elementor-element elementor-element-eeea13b e-flex e-con-boxed e-con e-parent\" data-id=\"eeea13b\" data-element_type=\"container\">\n\t\t\t\t\t<div class=\"e-con-inner\">\n\t\t\t\t<div class=\"elementor-element elementor-element-69f12af elementor-widget elementor-widget-shortcode\" data-id=\"69f12af\" data-element_type=\"widget\" data-widget_type=\"shortcode.default\">\n\t\t\t\t\t\t\t<div class=\"elementor-shortcode\">\t\t<div data-elementor-type=\"section\" data-elementor-id=\"7612\" class=\"elementor elementor-7612 elementor-4231\" data-elementor-post-type=\"elementor_library\">\n\t\t\t<div class=\"elementor-element elementor-element-183eca3 e-flex e-con-boxed e-con e-parent\" data-id=\"183eca3\" data-element_type=\"container\">\n\t\t\t\t\t<div class=\"e-con-inner\">\n\t\t<div class=\"elementor-element elementor-element-7f4938a e-con-full e-flex e-con e-child\" data-id=\"7f4938a\" data-element_type=\"container\">\n\t\t\t\t<div class=\"elementor-element elementor-element-e59a5d0 elementor-widget elementor-widget-heading\" data-id=\"e59a5d0\" data-element_type=\"widget\" data-widget_type=\"heading.default\">\n\t\t\t\t\t<h2 class=\"elementor-heading-title elementor-size-default\">Ompliu <br><b class=\"blue\">el formulari<\/b><\/h2>\t\t\t\t<\/div>\n\t\t\t\t<div class=\"elementor-element elementor-element-fc61c94 elementor-widget__width-initial elementor-widget elementor-widget-text-editor\" data-id=\"fc61c94\" data-element_type=\"widget\" data-widget_type=\"text-editor.default\">\n\t\t\t\t\t\t\t\t\t<p>Els alumnes que siguin esportistes d&#8217;alt rendiment o cursin estudis de m\u00fasica, dansa o idiomes simult\u00e0niament a l&#8217;ESO o Batxillerat, en un centre professional o conservatori o en escoles autoritzades, poden presentar una sol\u00b7licitud a la Secretaria del centre perqu\u00e8 els siguin convalidades o reconegudes algunes mat\u00e8ries, o per estar exempts de cursar-les. Els alumnes de Cicles Formatius tamb\u00e9 poden sol\u00b7licitar convalidacions de m\u00f2duls o unitats formatives per diversos motius, com ara l&#8217;experi\u00e8ncia professional o altres estudis cursats. <\/p><p>En realitzar la sol\u00b7licitud, haureu d&#8217;adjuntar el document acreditatiu, com ara un expedient acad\u00e8mic o un certificat oficial del centre, conservatori, etc.<\/p><p><\/p>\t\t\t\t\t\t\t\t<\/div>\n\t\t\t\t<div class=\"elementor-element elementor-element-4b25bfa elementor-widget elementor-widget-text-editor\" data-id=\"4b25bfa\" data-element_type=\"widget\" data-widget_type=\"text-editor.default\">\n\t\t\t\t\t\t\t\t\t<p><strong>Tel\u00e8fon:<\/strong> 933 408 204<br><strong>Correu:<\/strong> <a href=\"mailto:info@monlau.com\">info@monlau.com<\/a><\/p><p><br><strong>Horaris d&#8217;atenci\u00f3:<\/strong> De dilluns a divendres de 8:00 a 20:00<\/p>\t\t\t\t\t\t\t\t<\/div>\n\t\t\t\t<div class=\"elementor-element elementor-element-76d1725 elementor-shape-square e-grid-align-left elementor-grid-0 elementor-widget elementor-widget-social-icons\" data-id=\"76d1725\" data-element_type=\"widget\" data-widget_type=\"social-icons.default\">\n\t\t\t\t\t\t\t<div class=\"elementor-social-icons-wrapper elementor-grid\" role=\"list\">\n\t\t\t\t\t\t\t<span class=\"elementor-grid-item\" role=\"listitem\">\n\t\t\t\t\t<a class=\"elementor-icon elementor-social-icon elementor-social-icon-facebook-f elementor-repeater-item-d26cb9b\" target=\"_blank\">\n\t\t\t\t\t\t<span class=\"elementor-screen-only\">Facebook-f<\/span>\n\t\t\t\t\t\t<svg aria-hidden=\"true\" class=\"e-font-icon-svg e-fab-facebook-f\" viewBox=\"0 0 320 512\" xmlns=\"http:\/\/www.w3.org\/2000\/svg\"><path d=\"M279.14 288l14.22-92.66h-88.91v-60.13c0-25.35 12.42-50.06 52.24-50.06h40.42V6.26S260.43 0 225.36 0c-73.22 0-121.08 44.38-121.08 124.72v70.62H22.89V288h81.39v224h100.17V288z\"><\/path><\/svg>\t\t\t\t\t<\/a>\n\t\t\t\t<\/span>\n\t\t\t\t\t\t\t<span class=\"elementor-grid-item\" role=\"listitem\">\n\t\t\t\t\t<a class=\"elementor-icon elementor-social-icon elementor-social-icon-x-twitter elementor-repeater-item-0c00569\" target=\"_blank\">\n\t\t\t\t\t\t<span class=\"elementor-screen-only\">X-twitter<\/span>\n\t\t\t\t\t\t<svg aria-hidden=\"true\" class=\"e-font-icon-svg e-fab-x-twitter\" viewBox=\"0 0 512 512\" xmlns=\"http:\/\/www.w3.org\/2000\/svg\"><path d=\"M389.2 48h70.6L305.6 224.2 487 464H345L233.7 318.6 106.5 464H35.8L200.7 275.5 26.8 48H172.4L272.9 180.9 389.2 48zM364.4 421.8h39.1L151.1 88h-42L364.4 421.8z\"><\/path><\/svg>\t\t\t\t\t<\/a>\n\t\t\t\t<\/span>\n\t\t\t\t\t\t\t<span class=\"elementor-grid-item\" role=\"listitem\">\n\t\t\t\t\t<a class=\"elementor-icon elementor-social-icon elementor-social-icon-instagram elementor-repeater-item-e362002\" target=\"_blank\">\n\t\t\t\t\t\t<span class=\"elementor-screen-only\">Instagram<\/span>\n\t\t\t\t\t\t<svg aria-hidden=\"true\" class=\"e-font-icon-svg e-fab-instagram\" viewBox=\"0 0 448 512\" xmlns=\"http:\/\/www.w3.org\/2000\/svg\"><path d=\"M224.1 141c-63.6 0-114.9 51.3-114.9 114.9s51.3 114.9 114.9 114.9S339 319.5 339 255.9 287.7 141 224.1 141zm0 189.6c-41.1 0-74.7-33.5-74.7-74.7s33.5-74.7 74.7-74.7 74.7 33.5 74.7 74.7-33.6 74.7-74.7 74.7zm146.4-194.3c0 14.9-12 26.8-26.8 26.8-14.9 0-26.8-12-26.8-26.8s12-26.8 26.8-26.8 26.8 12 26.8 26.8zm76.1 27.2c-1.7-35.9-9.9-67.7-36.2-93.9-26.2-26.2-58-34.4-93.9-36.2-37-2.1-147.9-2.1-184.9 0-35.8 1.7-67.6 9.9-93.9 36.1s-34.4 58-36.2 93.9c-2.1 37-2.1 147.9 0 184.9 1.7 35.9 9.9 67.7 36.2 93.9s58 34.4 93.9 36.2c37 2.1 147.9 2.1 184.9 0 35.9-1.7 67.7-9.9 93.9-36.2 26.2-26.2 34.4-58 36.2-93.9 2.1-37 2.1-147.8 0-184.8zM398.8 388c-7.8 19.6-22.9 34.7-42.6 42.6-29.5 11.7-99.5 9-132.1 9s-102.7 2.6-132.1-9c-19.6-7.8-34.7-22.9-42.6-42.6-11.7-29.5-9-99.5-9-132.1s-2.6-102.7 9-132.1c7.8-19.6 22.9-34.7 42.6-42.6 29.5-11.7 99.5-9 132.1-9s102.7-2.6 132.1 9c19.6 7.8 34.7 22.9 42.6 42.6 11.7 29.5 9 99.5 9 132.1s2.7 102.7-9 132.1z\"><\/path><\/svg>\t\t\t\t\t<\/a>\n\t\t\t\t<\/span>\n\t\t\t\t\t\t\t<span class=\"elementor-grid-item\" role=\"listitem\">\n\t\t\t\t\t<a class=\"elementor-icon elementor-social-icon elementor-social-icon-tiktok elementor-repeater-item-1134e34\" target=\"_blank\">\n\t\t\t\t\t\t<span class=\"elementor-screen-only\">Tiktok<\/span>\n\t\t\t\t\t\t<svg aria-hidden=\"true\" class=\"e-font-icon-svg e-fab-tiktok\" viewBox=\"0 0 448 512\" xmlns=\"http:\/\/www.w3.org\/2000\/svg\"><path d=\"M448,209.91a210.06,210.06,0,0,1-122.77-39.25V349.38A162.55,162.55,0,1,1,185,188.31V278.2a74.62,74.62,0,1,0,52.23,71.18V0l88,0a121.18,121.18,0,0,0,1.86,22.17h0A122.18,122.18,0,0,0,381,102.39a121.43,121.43,0,0,0,67,20.14Z\"><\/path><\/svg>\t\t\t\t\t<\/a>\n\t\t\t\t<\/span>\n\t\t\t\t\t<\/div>\n\t\t\t\t\t\t<\/div>\n\t\t\t\t<\/div>\n\t\t<div class=\"elementor-element elementor-element-a54934e e-con-full e-flex e-con e-child\" data-id=\"a54934e\" data-element_type=\"container\">\n\t\t\t\t<div class=\"elementor-element elementor-element-4afc39a elementor-widget elementor-widget-shortcode\" data-id=\"4afc39a\" data-element_type=\"widget\" data-widget_type=\"shortcode.default\">\n\t\t\t\t\t\t\t<div class=\"elementor-shortcode\"><style id=\"wpforms-css-vars-4228\">\n\t\t\t\t#wpforms-4228 {\n\t\t\t\t--wpforms-field-border-style: none;\n--wpforms-field-border-radius: 5px;\n--wpforms-field-background-color: #f5f5f5;\n--wpforms-field-border-color: #000000;\n--wpforms-field-border-color-spare: #000000;\n--wpforms-field-text-color: rgba(0, 0, 0, 0.7);\n--wpforms-label-color: rgba(0, 0, 0, 0.85);\n--wpforms-label-sublabel-color: rgba(0, 0, 0, 0.55);\n--wpforms-button-border-radius: 30px;\n--wpforms-button-background-color: #08539D;\n--wpforms-container-padding: 0px;\n--wpforms-container-border-width: 1px;\n--wpforms-container-border-radius: 3px;\n--wpforms-background-color: rgba(0, 0, 0, 0);\n--wpforms-field-border-size: 0px;\n--wpforms-field-size-input-height: 50px;\n--wpforms-field-size-input-spacing: 20px;\n--wpforms-field-size-font-size: 18px;\n--wpforms-field-size-line-height: 21px;\n--wpforms-field-size-padding-h: 14px;\n--wpforms-field-size-checkbox-size: 18px;\n--wpforms-field-size-sublabel-spacing: 10px;\n--wpforms-field-size-icon-size: 1.25;\n--wpforms-label-size-font-size: 16px;\n--wpforms-label-size-line-height: 19px;\n--wpforms-label-size-sublabel-font-size: 14px;\n--wpforms-label-size-sublabel-line-height: 17px;\n--wpforms-button-size-font-size: 17px;\n--wpforms-button-size-height: 41px;\n--wpforms-button-size-padding-h: 15px;\n--wpforms-button-size-margin-top: 10px;\n--wpforms-container-shadow-size-box-shadow: none;\n\t\t\t}\n\t\t\t<\/style><div class=\"wpforms-container wpforms-container-full monlau-allow-file wpforms-render-modern\" id=\"wpforms-4228\"><form id=\"wpforms-form-4228\" class=\"wpforms-validate wpforms-form wpforms-ajax-form\" data-formid=\"4228\" method=\"post\" enctype=\"multipart\/form-data\" action=\"\/fp\/ca\/wp-json\/wp\/v2\/pages\/7286\" data-token=\"c0c3f305917a8d080f5bbfd5f8c28a55\" data-token-time=\"1777996681\"><noscript class=\"wpforms-error-noscript\">Activeu el JavaScript al navegador per a poder completar el formulari.<\/noscript><div id=\"wpforms-error-noscript\" style=\"display: none;\">Activeu el JavaScript al navegador per a poder completar el formulari.<\/div><div class=\"wpforms-field-container\"><div id=\"wpforms-4228-field_12-container\" class=\"wpforms-field wpforms-field-text\" data-field-id=\"12\"><label class=\"wpforms-field-label\" for=\"wpforms-4228-field_12\">Nombre <span class=\"wpforms-required-label\" aria-hidden=\"true\">*<\/span><\/label><input type=\"text\" id=\"wpforms-4228-field_12\" class=\"wpforms-field-medium wpforms-field-required\" name=\"wpforms[fields][12]\" aria-errormessage=\"wpforms-4228-field_12-error\" required><\/div>\t\t<div id=\"wpforms-4228-field_1-container\"\n\t\t\tclass=\"wpforms-field wpforms-field-text\"\n\t\t\tdata-field-type=\"text\"\n\t\t\tdata-field-id=\"1\"\n\t\t\t>\n\t\t\t<label class=\"wpforms-field-label\" for=\"wpforms-4228-field_1\" >Apellido verificaci\u00f3n Correo<\/label>\n\t\t\t<input type=\"text\" id=\"wpforms-4228-field_1\" class=\"wpforms-field-medium\" name=\"wpforms[fields][1]\" >\n\t\t<\/div>\n\t\t<div id=\"wpforms-4228-field_13-container\" class=\"wpforms-field wpforms-field-text\" data-field-id=\"13\"><label class=\"wpforms-field-label\" for=\"wpforms-4228-field_13\">Apellido <span class=\"wpforms-required-label\" aria-hidden=\"true\">*<\/span><\/label><input type=\"text\" id=\"wpforms-4228-field_13\" class=\"wpforms-field-medium wpforms-field-required\" name=\"wpforms[fields][13]\" aria-errormessage=\"wpforms-4228-field_13-error\" required><\/div><div id=\"wpforms-4228-field_6-container\" class=\"wpforms-field wpforms-field-email\" data-field-id=\"6\"><label class=\"wpforms-field-label\" for=\"wpforms-4228-field_6\">Correo electr\u00f3nico <span class=\"wpforms-required-label\" aria-hidden=\"true\">*<\/span><\/label><input type=\"email\" id=\"wpforms-4228-field_6\" class=\"wpforms-field-medium wpforms-field-required\" name=\"wpforms[fields][6]\" spellcheck=\"false\" aria-errormessage=\"wpforms-4228-field_6-error\" required><\/div><div id=\"wpforms-4228-field_9-container\" class=\"wpforms-field wpforms-field-select wpforms-field-select-style-classic\" data-field-id=\"9\"><label class=\"wpforms-field-label\" for=\"wpforms-4228-field_9\">Curso acad\u00e9mico <span class=\"wpforms-required-label\" aria-hidden=\"true\">*<\/span><\/label><select id=\"wpforms-4228-field_9\" class=\"wpforms-field-medium wpforms-field-required\" name=\"wpforms[fields][9]\" required=\"required\"><option value=\"\" class=\"placeholder\" disabled  selected='selected'>-- Selecciona el curso --<\/option><option value=\"2025-26\"  class=\"choice-1 depth-1\"  >2025-26<\/option><option value=\"2024-25\"  class=\"choice-2 depth-1\"  >2024-25<\/option><option value=\"2023-24\"  class=\"choice-3 depth-1\"  >2023-24<\/option><option value=\"2022-23\"  class=\"choice-4 depth-1\"  >2022-23<\/option><option value=\"2021-22\"  class=\"choice-5 depth-1\"  >2021-22<\/option><option value=\"2020-21\"  class=\"choice-6 depth-1\"  >2020-21<\/option><option value=\"2019-20\"  class=\"choice-7 depth-1\"  >2019-20<\/option><option value=\"2018-19\"  class=\"choice-8 depth-1\"  >2018-19<\/option><option value=\"2017-18\"  class=\"choice-9 depth-1\"  >2017-18<\/option><option value=\"2016-17\"  class=\"choice-15 depth-1\"  >2016-17<\/option><option value=\"2015-16\"  class=\"choice-14 depth-1\"  >2015-16<\/option><option value=\"2014-15\"  class=\"choice-13 depth-1\"  >2014-15<\/option><option value=\"2013-14\"  class=\"choice-12 depth-1\"  >2013-14<\/option><option value=\"2011-12\"  class=\"choice-11 depth-1\"  >2011-12<\/option><option value=\"2010-11\"  class=\"choice-10 depth-1\"  >2010-11<\/option><option value=\"2009-10\"  class=\"choice-16 depth-1\"  >2009-10<\/option><option value=\"2008-09\"  class=\"choice-17 depth-1\"  >2008-09<\/option><option value=\"2007-08\"  class=\"choice-18 depth-1\"  >2007-08<\/option><option value=\"2006-07\"  class=\"choice-19 depth-1\"  >2006-07<\/option><option value=\"2005-06\"  class=\"choice-20 depth-1\"  >2005-06<\/option><option value=\"2004-05\"  class=\"choice-21 depth-1\"  >2004-05<\/option><option value=\"2003-04\"  class=\"choice-22 depth-1\"  >2003-04<\/option><option value=\"2002-03\"  class=\"choice-23 depth-1\"  >2002-03<\/option><option value=\"2001-02\"  class=\"choice-24 depth-1\"  >2001-02<\/option><option value=\"2000-01\"  class=\"choice-25 depth-1\"  >2000-01<\/option><option value=\"1999-00\"  class=\"choice-26 depth-1\"  >1999-00<\/option><option value=\"1998-99\"  class=\"choice-27 depth-1\"  >1998-99<\/option><\/select><div id=\"wpforms-4228-field_9-description\" class=\"wpforms-field-description\">Si el curso no corresponde con el actual ser\u00e1 necesario abonar una tarifa adicional.<\/div><\/div><div id=\"wpforms-4228-field_21-container\" class=\"wpforms-field wpforms-field-text\" data-field-id=\"21\"><label class=\"wpforms-field-label\" for=\"wpforms-4228-field_21\">Materia, m\u00f3dulo o UF a convalidar <span class=\"wpforms-required-label\" aria-hidden=\"true\">*<\/span><\/label><input type=\"text\" id=\"wpforms-4228-field_21\" class=\"wpforms-field-medium wpforms-field-required\" name=\"wpforms[fields][21]\" aria-errormessage=\"wpforms-4228-field_21-error\" required><\/div><div id=\"wpforms-4228-field_11-container\" class=\"wpforms-field wpforms-field-checkbox\" data-field-id=\"11\"><fieldset><legend class=\"wpforms-field-label wpforms-label-hide\" aria-hidden=\"false\">Casillas de verificaci\u00f3n <span class=\"wpforms-required-label\" aria-hidden=\"true\">*<\/span><\/legend><ul id=\"wpforms-4228-field_11\" class=\"wpforms-field-required\"><li class=\"choice-1 depth-1\"><input type=\"checkbox\" id=\"wpforms-4228-field_11_1\" name=\"wpforms[fields][11][]\" value=\"Acepto la pol\u00edtica de privacidad\" aria-errormessage=\"wpforms-4228-field_11_1-error\" required ><label class=\"wpforms-field-label-inline\" for=\"wpforms-4228-field_11_1\">Acepto la pol\u00edtica de privacidad<\/label><\/li><\/ul><\/fieldset><\/div><script>\n\t\t\t\t( function() {\n\t\t\t\t\tconst style = document.createElement( 'style' );\n\t\t\t\t\tstyle.appendChild( document.createTextNode( '#wpforms-4228-field_1-container { position: absolute !important; overflow: hidden !important; display: inline !important; height: 1px !important; width: 1px !important; z-index: -1000 !important; padding: 0 !important; } #wpforms-4228-field_1-container input { visibility: hidden; } #wpforms-conversational-form-page #wpforms-4228-field_1-container label { counter-increment: none; }' ) );\n\t\t\t\t\tdocument.head.appendChild( style );\n\t\t\t\t\tdocument.currentScript?.remove();\n\t\t\t\t} )();\n\t\t\t<\/script><\/div><!-- .wpforms-field-container --><div class=\"wpforms-submit-container\" ><input type=\"hidden\" name=\"wpforms[id]\" value=\"4228\"><input type=\"hidden\" name=\"page_title\" value=\"\"><input type=\"hidden\" name=\"page_url\" value=\"https:\/\/monlau.srmunera.net\/fp\/ca\/wp-json\/wp\/v2\/pages\/7286\"><input type=\"hidden\" name=\"url_referer\" value=\"\"><button type=\"submit\" name=\"wpforms[submit]\" id=\"wpforms-submit-4228\" class=\"wpforms-submit btn-blue\" data-alt-text=\"Enviando...\" data-submit-text=\"Enviar\" aria-live=\"assertive\" value=\"wpforms-submit\">Enviar<\/button><img decoding=\"async\" src=\"https:\/\/monlau.srmunera.net\/app\/plugins\/wpforms-lite\/assets\/images\/submit-spin.svg\" class=\"wpforms-submit-spinner\" style=\"display: none;\" width=\"26\" height=\"26\" alt=\"S&#039;est\u00e0 carregant\"><\/div><\/form><\/div>  <!-- .wpforms-container --><\/div>\n\t\t\t\t\t\t<\/div>\n\t\t\t\t<\/div>\n\t\t\t\t\t<\/div>\n\t\t\t\t<\/div>\n\t\t\t\t<\/div>\n\t\t<\/div>\n\t\t\t\t\t\t<\/div>\n\t\t\t\t\t<\/div>\n\t\t\t\t<\/div>\n\t\t\t\t<\/div>\n\t\t","protected":false},"excerpt":{"rendered":"<p>Sol\u00b7licitud del carnet d&#8217;estudiant<\/p>\n","protected":false},"author":1,"featured_media":0,"parent":0,"menu_order":0,"comment_status":"closed","ping_status":"closed","template":"elementor_header_footer","meta":{"footnotes":""},"class_list":["post-7286","page","type-page","status-publish","hentry"],"yoast_head":"<!-- This site is optimized with the Yoast SEO plugin v27.1.1 - https:\/\/yoast.com\/product\/yoast-seo-wordpress\/ -->\n<title>Convalidacions de mat\u00e8ries - Formaci\u00f3 profesional<\/title>\n<meta name=\"robots\" content=\"index, follow, max-snippet:-1, max-image-preview:large, max-video-preview:-1\" \/>\n<link rel=\"canonical\" href=\"https:\/\/monlau.srmunera.net\/fp\/ca\/convalidacions-de-materies\/\" \/>\n<meta property=\"og:locale\" content=\"ca_ES\" \/>\n<meta property=\"og:type\" content=\"article\" \/>\n<meta property=\"og:title\" content=\"Convalidacions de mat\u00e8ries - Formaci\u00f3 profesional\" \/>\n<meta property=\"og:description\" content=\"Sol\u00b7licitud del carnet d&#8217;estudiant\" \/>\n<meta property=\"og:url\" content=\"https:\/\/monlau.srmunera.net\/fp\/ca\/convalidacions-de-materies\/\" \/>\n<meta property=\"og:site_name\" content=\"Formaci\u00f3 profesional\" \/>\n<meta property=\"article:modified_time\" content=\"2026-03-16T10:52:35+00:00\" \/>\n<meta name=\"twitter:card\" content=\"summary_large_image\" \/>\n<script type=\"application\/ld+json\" class=\"yoast-schema-graph\">{\"@context\":\"https:\/\/schema.org\",\"@graph\":[{\"@type\":\"WebPage\",\"@id\":\"https:\/\/monlau.srmunera.net\/fp\/ca\/convalidacions-de-materies\/\",\"url\":\"https:\/\/monlau.srmunera.net\/fp\/ca\/convalidacions-de-materies\/\",\"name\":\"Convalidacions de mat\u00e8ries - Formaci\u00f3 profesional\",\"isPartOf\":{\"@id\":\"https:\/\/monlau.srmunera.net\/fp\/ca\/#website\"},\"datePublished\":\"2026-03-06T16:10:32+00:00\",\"dateModified\":\"2026-03-16T10:52:35+00:00\",\"breadcrumb\":{\"@id\":\"https:\/\/monlau.srmunera.net\/fp\/ca\/convalidacions-de-materies\/#breadcrumb\"},\"inLanguage\":\"ca\",\"potentialAction\":[{\"@type\":\"ReadAction\",\"target\":[\"https:\/\/monlau.srmunera.net\/fp\/ca\/convalidacions-de-materies\/\"]}]},{\"@type\":\"BreadcrumbList\",\"@id\":\"https:\/\/monlau.srmunera.net\/fp\/ca\/convalidacions-de-materies\/#breadcrumb\",\"itemListElement\":[{\"@type\":\"ListItem\",\"position\":1,\"name\":\"Portada\",\"item\":\"https:\/\/monlau.srmunera.net\/fp\/ca\/\"},{\"@type\":\"ListItem\",\"position\":2,\"name\":\"Convalidacions de mat\u00e8ries\"}]},{\"@type\":\"WebSite\",\"@id\":\"https:\/\/monlau.srmunera.net\/fp\/ca\/#website\",\"url\":\"https:\/\/monlau.srmunera.net\/fp\/ca\/\",\"name\":\"Formaci\u00f3 profesional\",\"description\":\"Monlau\",\"publisher\":{\"@id\":\"https:\/\/monlau.srmunera.net\/fp\/ca\/#organization\"},\"potentialAction\":[{\"@type\":\"SearchAction\",\"target\":{\"@type\":\"EntryPoint\",\"urlTemplate\":\"https:\/\/monlau.srmunera.net\/fp\/ca\/?s={search_term_string}\"},\"query-input\":{\"@type\":\"PropertyValueSpecification\",\"valueRequired\":true,\"valueName\":\"search_term_string\"}}],\"inLanguage\":\"ca\"},{\"@type\":\"Organization\",\"@id\":\"https:\/\/monlau.srmunera.net\/fp\/ca\/#organization\",\"name\":\"Formaci\u00f3 profesional\",\"url\":\"https:\/\/monlau.srmunera.net\/fp\/ca\/\",\"logo\":{\"@type\":\"ImageObject\",\"inLanguage\":\"ca\",\"@id\":\"https:\/\/monlau.srmunera.net\/fp\/ca\/#\/schema\/logo\/image\/\",\"url\":\"https:\/\/monlau.srmunera.net\/app\/uploads\/sites\/3\/2026\/01\/fp.png\",\"contentUrl\":\"https:\/\/monlau.srmunera.net\/app\/uploads\/sites\/3\/2026\/01\/fp.png\",\"width\":1024,\"height\":878,\"caption\":\"Formaci\u00f3 profesional\"},\"image\":{\"@id\":\"https:\/\/monlau.srmunera.net\/fp\/ca\/#\/schema\/logo\/image\/\"}}]}<\/script>\n<!-- \/ Yoast SEO plugin. -->","yoast_head_json":{"title":"Convalidacions de mat\u00e8ries - Formaci\u00f3 profesional","robots":{"index":"index","follow":"follow","max-snippet":"max-snippet:-1","max-image-preview":"max-image-preview:large","max-video-preview":"max-video-preview:-1"},"canonical":"https:\/\/monlau.srmunera.net\/fp\/ca\/convalidacions-de-materies\/","og_locale":"ca_ES","og_type":"article","og_title":"Convalidacions de mat\u00e8ries - Formaci\u00f3 profesional","og_description":"Sol\u00b7licitud del carnet d&#8217;estudiant","og_url":"https:\/\/monlau.srmunera.net\/fp\/ca\/convalidacions-de-materies\/","og_site_name":"Formaci\u00f3 profesional","article_modified_time":"2026-03-16T10:52:35+00:00","twitter_card":"summary_large_image","schema":{"@context":"https:\/\/schema.org","@graph":[{"@type":"WebPage","@id":"https:\/\/monlau.srmunera.net\/fp\/ca\/convalidacions-de-materies\/","url":"https:\/\/monlau.srmunera.net\/fp\/ca\/convalidacions-de-materies\/","name":"Convalidacions de mat\u00e8ries - Formaci\u00f3 profesional","isPartOf":{"@id":"https:\/\/monlau.srmunera.net\/fp\/ca\/#website"},"datePublished":"2026-03-06T16:10:32+00:00","dateModified":"2026-03-16T10:52:35+00:00","breadcrumb":{"@id":"https:\/\/monlau.srmunera.net\/fp\/ca\/convalidacions-de-materies\/#breadcrumb"},"inLanguage":"ca","potentialAction":[{"@type":"ReadAction","target":["https:\/\/monlau.srmunera.net\/fp\/ca\/convalidacions-de-materies\/"]}]},{"@type":"BreadcrumbList","@id":"https:\/\/monlau.srmunera.net\/fp\/ca\/convalidacions-de-materies\/#breadcrumb","itemListElement":[{"@type":"ListItem","position":1,"name":"Portada","item":"https:\/\/monlau.srmunera.net\/fp\/ca\/"},{"@type":"ListItem","position":2,"name":"Convalidacions de mat\u00e8ries"}]},{"@type":"WebSite","@id":"https:\/\/monlau.srmunera.net\/fp\/ca\/#website","url":"https:\/\/monlau.srmunera.net\/fp\/ca\/","name":"Formaci\u00f3 profesional","description":"Monlau","publisher":{"@id":"https:\/\/monlau.srmunera.net\/fp\/ca\/#organization"},"potentialAction":[{"@type":"SearchAction","target":{"@type":"EntryPoint","urlTemplate":"https:\/\/monlau.srmunera.net\/fp\/ca\/?s={search_term_string}"},"query-input":{"@type":"PropertyValueSpecification","valueRequired":true,"valueName":"search_term_string"}}],"inLanguage":"ca"},{"@type":"Organization","@id":"https:\/\/monlau.srmunera.net\/fp\/ca\/#organization","name":"Formaci\u00f3 profesional","url":"https:\/\/monlau.srmunera.net\/fp\/ca\/","logo":{"@type":"ImageObject","inLanguage":"ca","@id":"https:\/\/monlau.srmunera.net\/fp\/ca\/#\/schema\/logo\/image\/","url":"https:\/\/monlau.srmunera.net\/app\/uploads\/sites\/3\/2026\/01\/fp.png","contentUrl":"https:\/\/monlau.srmunera.net\/app\/uploads\/sites\/3\/2026\/01\/fp.png","width":1024,"height":878,"caption":"Formaci\u00f3 profesional"},"image":{"@id":"https:\/\/monlau.srmunera.net\/fp\/ca\/#\/schema\/logo\/image\/"}}]}},"_links":{"self":[{"href":"https:\/\/monlau.srmunera.net\/fp\/ca\/wp-json\/wp\/v2\/pages\/7286","targetHints":{"allow":["GET"]}}],"collection":[{"href":"https:\/\/monlau.srmunera.net\/fp\/ca\/wp-json\/wp\/v2\/pages"}],"about":[{"href":"https:\/\/monlau.srmunera.net\/fp\/ca\/wp-json\/wp\/v2\/types\/page"}],"author":[{"embeddable":true,"href":"https:\/\/monlau.srmunera.net\/fp\/ca\/wp-json\/wp\/v2\/users\/1"}],"replies":[{"embeddable":true,"href":"https:\/\/monlau.srmunera.net\/fp\/ca\/wp-json\/wp\/v2\/comments?post=7286"}],"version-history":[{"count":1,"href":"https:\/\/monlau.srmunera.net\/fp\/ca\/wp-json\/wp\/v2\/pages\/7286\/revisions"}],"predecessor-version":[{"id":7287,"href":"https:\/\/monlau.srmunera.net\/fp\/ca\/wp-json\/wp\/v2\/pages\/7286\/revisions\/7287"}],"wp:attachment":[{"href":"https:\/\/monlau.srmunera.net\/fp\/ca\/wp-json\/wp\/v2\/media?parent=7286"}],"curies":[{"name":"wp","href":"https:\/\/api.w.org\/{rel}","templated":true}]}}